{"id":89,"date":"2025-08-31T14:55:27","date_gmt":"2025-08-31T14:55:27","guid":{"rendered":"https:\/\/www.waxoxato.cyon.site\/?page_id=89"},"modified":"2025-08-31T14:56:15","modified_gmt":"2025-08-31T14:56:15","slug":"turnier","status":"publish","type":"page","link":"https:\/\/www.waxoxato.cyon.site\/tr\/turnier\/","title":{"rendered":"Turnier"},"content":{"rendered":"<h2 class=\"wp-block-heading has-large-font-size\"><strong>\u201c\u0130yili\u011fe U\u00e7an Goller\u201d \u2013 Tore f\u00fcr das Gute<\/strong><\/h2>\n\n\n\n<div class=\"wp-block-buttons is-layout-flex wp-block-buttons-is-layout-flex\">\n<div class=\"wp-block-button\"><a class=\"wp-block-button__link wp-element-button\" href=\"https:\/\/forms.gle\/tsWPnTvwjBkgHxWt7\">Anmeldeformular<\/a><\/div>\n\n\n\n<div class=\"wp-block-button\"><a class=\"wp-block-button__link wp-element-button\" href=\"https:\/\/devaverein.ch\/wp-content\/uploads\/2023\/08\/Spielreglement-Benefizturner-4.pdf\">Spielregeln<\/a><\/div>\n<\/div>\n\n\n\n<figure class=\"wp-block-image size-large\"><img decoding=\"async\" src=\"https:\/\/www.waxoxato.cyon.site\/devadernegi\/wp-content\/uploads\/sites\/2\/2025\/08\/flyer-768x1024.jpg\" alt=\"\" class=\"wp-image-42\"\/><\/figure>","protected":false},"excerpt":{"rendered":"<p>\u201c\u0130yili\u011fe U\u00e7an Goller\u201d \u2013 Tore f\u00fcr das Gute<\/p>","protected":false},"author":1,"featured_media":0,"parent":0,"menu_order":0,"comment_status":"closed","ping_status":"closed","template":"","meta":{"pagelayer_contact_templates":[],"_pagelayer_content":"","footnotes":""},"class_list":["post-89","page","type-page","status-publish","hentry"],"_links":{"self":[{"href":"https:\/\/www.waxoxato.cyon.site\/tr\/wp-json\/wp\/v2\/pages\/89","targetHints":{"allow":["GET"]}}],"collection":[{"href":"https:\/\/www.waxoxato.cyon.site\/tr\/wp-json\/wp\/v2\/pages"}],"about":[{"href":"https:\/\/www.waxoxato.cyon.site\/tr\/wp-json\/wp\/v2\/types\/page"}],"author":[{"embeddable":true,"href":"https:\/\/www.waxoxato.cyon.site\/tr\/wp-json\/wp\/v2\/users\/1"}],"replies":[{"embeddable":true,"href":"https:\/\/www.waxoxato.cyon.site\/tr\/wp-json\/wp\/v2\/comments?post=89"}],"version-history":[{"count":1,"href":"https:\/\/www.waxoxato.cyon.site\/tr\/wp-json\/wp\/v2\/pages\/89\/revisions"}],"predecessor-version":[{"id":90,"href":"https:\/\/www.waxoxato.cyon.site\/tr\/wp-json\/wp\/v2\/pages\/89\/revisions\/90"}],"wp:attachment":[{"href":"https:\/\/www.waxoxato.cyon.site\/tr\/wp-json\/wp\/v2\/media?parent=89"}],"curies":[{"name":"wp","href":"https:\/\/api.w.org\/{rel}","templated":true}]}}