{"id":9,"date":"2025-08-30T01:33:56","date_gmt":"2025-08-29T23:33:56","guid":{"rendered":"https:\/\/www.waxoxato.cyon.site\/devadernegi\/?page_id=9"},"modified":"2025-08-31T17:25:31","modified_gmt":"2025-08-31T15:25:31","slug":"kunye","status":"publish","type":"page","link":"https:\/\/www.waxoxato.cyon.site\/devadernegi\/kunye\/","title":{"rendered":"K\u00fcnye"},"content":{"rendered":"\n<h4 class=\"wp-block-heading\">Y\u00f6netim Kurulu<\/h4>\n\n\n\n<figure class=\"wp-block-gallery has-nested-images columns-2 is-cropped wp-block-gallery-1 is-layout-flex wp-block-gallery-is-layout-flex\">\n<figure class=\"wp-block-image size-large\"><img loading=\"lazy\" decoding=\"async\" width=\"683\" height=\"1024\" data-id=\"46\" src=\"https:\/\/www.waxoxato.cyon.site\/devadernegi\/wp-content\/uploads\/sites\/2\/2025\/08\/IMG_0055-683x1024.jpg\" alt=\"\" class=\"wp-image-46\" srcset=\"https:\/\/www.waxoxato.cyon.site\/devadernegi\/wp-content\/uploads\/sites\/2\/2025\/08\/IMG_0055-683x1024.jpg 683w, https:\/\/www.waxoxato.cyon.site\/devadernegi\/wp-content\/uploads\/sites\/2\/2025\/08\/IMG_0055-200x300.jpg 200w, https:\/\/www.waxoxato.cyon.site\/devadernegi\/wp-content\/uploads\/sites\/2\/2025\/08\/IMG_0055-768x1152.jpg 768w, https:\/\/www.waxoxato.cyon.site\/devadernegi\/wp-content\/uploads\/sites\/2\/2025\/08\/IMG_0055-1024x1536.jpg 1024w, https:\/\/www.waxoxato.cyon.site\/devadernegi\/wp-content\/uploads\/sites\/2\/2025\/08\/IMG_0055-1366x2048.jpg 1366w, https:\/\/www.waxoxato.cyon.site\/devadernegi\/wp-content\/uploads\/sites\/2\/2025\/08\/IMG_0055-scaled.jpg 1707w\" sizes=\"auto, (max-width: 683px) 100vw, 683px\" \/><figcaption class=\"wp-element-caption\">Selim Y\u0131lmaz (ba\u015fkan)<\/figcaption><\/figure>\n\n\n\n<figure class=\"wp-block-image size-large\"><img loading=\"lazy\" decoding=\"async\" width=\"683\" height=\"1024\" data-id=\"47\" src=\"https:\/\/www.waxoxato.cyon.site\/devadernegi\/wp-content\/uploads\/sites\/2\/2025\/08\/IMG_0054-683x1024.jpg\" alt=\"\" class=\"wp-image-47\" srcset=\"https:\/\/www.waxoxato.cyon.site\/devadernegi\/wp-content\/uploads\/sites\/2\/2025\/08\/IMG_0054-683x1024.jpg 683w, https:\/\/www.waxoxato.cyon.site\/devadernegi\/wp-content\/uploads\/sites\/2\/2025\/08\/IMG_0054-200x300.jpg 200w, https:\/\/www.waxoxato.cyon.site\/devadernegi\/wp-content\/uploads\/sites\/2\/2025\/08\/IMG_0054-768x1152.jpg 768w, https:\/\/www.waxoxato.cyon.site\/devadernegi\/wp-content\/uploads\/sites\/2\/2025\/08\/IMG_0054-1024x1536.jpg 1024w, https:\/\/www.waxoxato.cyon.site\/devadernegi\/wp-content\/uploads\/sites\/2\/2025\/08\/IMG_0054-1366x2048.jpg 1366w, https:\/\/www.waxoxato.cyon.site\/devadernegi\/wp-content\/uploads\/sites\/2\/2025\/08\/IMG_0054-scaled.jpg 1707w\" sizes=\"auto, (max-width: 683px) 100vw, 683px\" \/><figcaption class=\"wp-element-caption\">Ye\u015fim \u00c7etin<\/figcaption><\/figure>\n\n\n\n<figure class=\"wp-block-image size-large\"><img loading=\"lazy\" decoding=\"async\" width=\"683\" height=\"1024\" data-id=\"52\" src=\"https:\/\/www.waxoxato.cyon.site\/devadernegi\/wp-content\/uploads\/sites\/2\/2025\/08\/IMG_0056-min-683x1024.jpg\" alt=\"\" class=\"wp-image-52\" srcset=\"https:\/\/www.waxoxato.cyon.site\/devadernegi\/wp-content\/uploads\/sites\/2\/2025\/08\/IMG_0056-min-683x1024.jpg 683w, https:\/\/www.waxoxato.cyon.site\/devadernegi\/wp-content\/uploads\/sites\/2\/2025\/08\/IMG_0056-min-200x300.jpg 200w, https:\/\/www.waxoxato.cyon.site\/devadernegi\/wp-content\/uploads\/sites\/2\/2025\/08\/IMG_0056-min-768x1152.jpg 768w, https:\/\/www.waxoxato.cyon.site\/devadernegi\/wp-content\/uploads\/sites\/2\/2025\/08\/IMG_0056-min-1024x1536.jpg 1024w, https:\/\/www.waxoxato.cyon.site\/devadernegi\/wp-content\/uploads\/sites\/2\/2025\/08\/IMG_0056-min-1365x2048.jpg 1365w, https:\/\/www.waxoxato.cyon.site\/devadernegi\/wp-content\/uploads\/sites\/2\/2025\/08\/IMG_0056-min-scaled.jpg 1707w\" sizes=\"auto, (max-width: 683px) 100vw, 683px\" \/><figcaption class=\"wp-element-caption\">Alican Ku\u015fcu<\/figcaption><\/figure>\n\n\n\n<figure class=\"wp-block-image\"><img decoding=\"async\" data-id=\"968\" src=\"https:\/\/devaverein.ch\/wp-content\/uploads\/2023\/03\/Ahmet-1-683x1024.jpg\" alt=\"\" class=\"wp-image-968\"\/><figcaption class=\"wp-element-caption\">Ahmet \u00d6zta\u015f<\/figcaption><\/figure>\n\n\n\n<figure class=\"wp-block-image size-large\"><img loading=\"lazy\" decoding=\"async\" width=\"683\" height=\"1024\" data-id=\"49\" src=\"https:\/\/www.waxoxato.cyon.site\/devadernegi\/wp-content\/uploads\/sites\/2\/2025\/08\/IMG_0053-683x1024.jpg\" alt=\"\" class=\"wp-image-49\" srcset=\"https:\/\/www.waxoxato.cyon.site\/devadernegi\/wp-content\/uploads\/sites\/2\/2025\/08\/IMG_0053-683x1024.jpg 683w, https:\/\/www.waxoxato.cyon.site\/devadernegi\/wp-content\/uploads\/sites\/2\/2025\/08\/IMG_0053-200x300.jpg 200w, https:\/\/www.waxoxato.cyon.site\/devadernegi\/wp-content\/uploads\/sites\/2\/2025\/08\/IMG_0053-768x1152.jpg 768w, https:\/\/www.waxoxato.cyon.site\/devadernegi\/wp-content\/uploads\/sites\/2\/2025\/08\/IMG_0053-1024x1536.jpg 1024w, https:\/\/www.waxoxato.cyon.site\/devadernegi\/wp-content\/uploads\/sites\/2\/2025\/08\/IMG_0053-1366x2048.jpg 1366w, https:\/\/www.waxoxato.cyon.site\/devadernegi\/wp-content\/uploads\/sites\/2\/2025\/08\/IMG_0053-scaled.jpg 1707w\" sizes=\"auto, (max-width: 683px) 100vw, 683px\" \/><figcaption class=\"wp-element-caption\">Neslihan \u015eeng\u00fcl<\/figcaption><\/figure>\n\n\n\n<figure class=\"wp-block-image size-large\"><img loading=\"lazy\" decoding=\"async\" width=\"683\" height=\"1024\" data-id=\"51\" src=\"https:\/\/www.waxoxato.cyon.site\/devadernegi\/wp-content\/uploads\/sites\/2\/2025\/08\/IMG_0052-min-683x1024.jpg\" alt=\"\" class=\"wp-image-51\" srcset=\"https:\/\/www.waxoxato.cyon.site\/devadernegi\/wp-content\/uploads\/sites\/2\/2025\/08\/IMG_0052-min-683x1024.jpg 683w, https:\/\/www.waxoxato.cyon.site\/devadernegi\/wp-content\/uploads\/sites\/2\/2025\/08\/IMG_0052-min-200x300.jpg 200w, https:\/\/www.waxoxato.cyon.site\/devadernegi\/wp-content\/uploads\/sites\/2\/2025\/08\/IMG_0052-min-768x1152.jpg 768w, https:\/\/www.waxoxato.cyon.site\/devadernegi\/wp-content\/uploads\/sites\/2\/2025\/08\/IMG_0052-min-1024x1536.jpg 1024w, https:\/\/www.waxoxato.cyon.site\/devadernegi\/wp-content\/uploads\/sites\/2\/2025\/08\/IMG_0052-min-1366x2048.jpg 1366w, https:\/\/www.waxoxato.cyon.site\/devadernegi\/wp-content\/uploads\/sites\/2\/2025\/08\/IMG_0052-min-scaled.jpg 1707w\" sizes=\"auto, (max-width: 683px) 100vw, 683px\" \/><figcaption class=\"wp-element-caption\">Murat G\u00fclsever<\/figcaption><\/figure>\n\n\n\n<figure class=\"wp-block-image size-large\"><img loading=\"lazy\" decoding=\"async\" width=\"2560\" height=\"2560\" data-id=\"55\" src=\"https:\/\/www.waxoxato.cyon.site\/devadernegi\/wp-content\/uploads\/sites\/2\/2025\/08\/IMG_0057-edited-scaled.jpg\" alt=\"\" class=\"wp-image-55\" srcset=\"https:\/\/www.waxoxato.cyon.site\/devadernegi\/wp-content\/uploads\/sites\/2\/2025\/08\/IMG_0057-edited-scaled.jpg 2560w, https:\/\/www.waxoxato.cyon.site\/devadernegi\/wp-content\/uploads\/sites\/2\/2025\/08\/IMG_0057-edited-300x300.jpg 300w, https:\/\/www.waxoxato.cyon.site\/devadernegi\/wp-content\/uploads\/sites\/2\/2025\/08\/IMG_0057-edited-1024x1024.jpg 1024w, https:\/\/www.waxoxato.cyon.site\/devadernegi\/wp-content\/uploads\/sites\/2\/2025\/08\/IMG_0057-edited-150x150.jpg 150w, https:\/\/www.waxoxato.cyon.site\/devadernegi\/wp-content\/uploads\/sites\/2\/2025\/08\/IMG_0057-edited-768x768.jpg 768w, https:\/\/www.waxoxato.cyon.site\/devadernegi\/wp-content\/uploads\/sites\/2\/2025\/08\/IMG_0057-edited-1536x1536.jpg 1536w, https:\/\/www.waxoxato.cyon.site\/devadernegi\/wp-content\/uploads\/sites\/2\/2025\/08\/IMG_0057-edited-2048x2048.jpg 2048w\" sizes=\"auto, (max-width: 2560px) 100vw, 2560px\" \/><figcaption class=\"wp-element-caption\">Emircan Akg\u00fcl<\/figcaption><\/figure>\n<\/figure>\n\n\n\n<div style=\"height:100px\" aria-hidden=\"true\" class=\"wp-block-spacer\"><\/div>\n\n\n\n<h4 class=\"wp-block-heading\">Kurucular<\/h4>\n\n\n\n<p>Burak Akyol, Selim Y\u0131lmaz, Alican Ku\u015fcu<\/p>\n\n\n\n<p><\/p>\n\n\n\n<h4 class=\"wp-block-heading\">Deva Derne\u011fin Hikayesi<\/h4>\n\n\n\n<p><strong>Deva Derne\u011finin hikayesi<\/strong> 2011 y\u0131l\u0131nda 3\narkada\u015f\u0131n \u00fclkelerindeki ac\u0131ya ortak olmak istemeleriyle ba\u015flam\u0131\u015ft\u0131r.<\/p>\n\n\n\n<p>2011 y\u0131l\u0131nda meydana gelen ve herkesi\nderinden etkileyen Van depremini hepiniz hat\u0131rl\u0131yorsunuz. So\u011fuk k\u0131\u015f mevsimi\nkap\u0131dayken insanlar ne yaz\u0131k ki evsiz barks\u0131z kald\u0131lar. Bizler bunlar\u0131 \u00f6ylece\nizlemektense harekete ge\u00e7meye karar verdik. 2011 Kas\u0131m ay\u0131nda, iki hafta gibi k\u0131sa\nbir s\u00fcrede, 24 tak\u0131m\u0131n kat\u0131ld\u0131\u011f\u0131 bir futbol turnuvas\u0131 d\u00fczenledik. Turnuvan\u0131n\nt\u00fcm gelirini K\u0131z\u0131lay\u2019a ba\u011f\u0131\u015flad\u0131k.<\/p>\n\n\n\n<p>Ertesi y\u0131l art arda gelen \u015fehit\nhaberleri ve televizyonlarda g\u00f6z\u00fc ya\u015fl\u0131 izledi\u011fimiz \u015fehit aileleri bizleri\nderinden sarst\u0131 ve yine harekete ge\u00e7irdi. Yine 2012 Kas\u0131m ay\u0131nda, daha organize\nbir \u015fekilde, daha geni\u015f \u00e7apl\u0131 bir haz\u0131rl\u0131k yaparak yeniden bir futbol turnuvas\u0131\nd\u00fczenledik ve t\u00fcm gelirini Mehmet\u00e7ik Vakf\u0131na ba\u011f\u0131\u015flad\u0131k. Ba\u011f\u0131\u015ftan sonra\n\u0130stanbul\u2019da bizzat ziyaret etti\u011fimiz Mehmet\u00e7ik vakf\u0131 bize, yani asl\u0131nda destek\nolan herkese, minnetlerini ifade etti.<\/p>\n\n\n\n<p>Bu organizasyonun ard\u0131ndan art\u0131k daha\ngeni\u015f bir kitleye hitap etti\u011fimizi g\u00f6rd\u00fck. Yapt\u0131klar\u0131m\u0131za ilgi g\u00f6steren ve bu\nolu\u015fuma kat\u0131lmak isteyen insanlardan hep pozitif tepkiler ald\u0131k.<\/p>\n\n\n\n<p>\u00c7al\u0131\u015fmalar\u0131m\u0131z\u0131n sadece futbol\nturnuvas\u0131yla kalmamas\u0131 i\u00e7in, profesyonel ve sistemli bir \u015fekilde farkl\u0131\norgan\u0131zasyonlara imza atabilmek ad\u0131na 4 May\u0131s 2013\u2018te Deva derne\u011fimizi kurduk.<\/p>\n\n\n\n<p>Her biten organizasyonumuzun ard\u0131ndan\nara vermeden bir sonraki hedefimiz i\u00e7in \u00e7al\u0131\u015fmalar\u0131m\u0131za ba\u015fl\u0131yoruz. <\/p>\n\n\n\n<p>Bizler \u0130svi\u00e7re\u2019de ya\u015fayan, fakat\n\u00fclkesinden ba\u011f\u0131n\u0131 koparmam\u0131\u015f, \u00fclkesinin sorunlar\u0131na, ac\u0131lar\u0131na kafa yoran bir\narkada\u015f grubu olarak; \u201eBirlikten g\u00fc\u00e7 do\u011far, g\u00fc\u00e7ler deva olur\u201c dedik ve Deva\nDerne\u011fimizi kurduk. G\u00f6n\u00fcl vermek, emek sarfetmek isteyen herkese kap\u0131lar\u0131m\u0131z a\u00e7\u0131yoruz!\nY\u00f6netim kurulumuzun yan\u0131 s\u0131ra \u00e7ok say\u0131da bize yard\u0131m eden g\u00f6n\u00fcll\u00fc\narkada\u015flar\u0131m\u0131z ile birlikte yeni projelerimizi hayata ge\u00e7irmek i\u00e7in t\u00fcm\ng\u00fcc\u00fcm\u00fczle \u00e7al\u0131\u015fmaya devam ediyoruz.<\/p>\n\n\n\n<p>Amac\u0131m\u0131z; insanl\u0131\u011fa, g\u00fczel bir amaca\nhizmet eden organizasyonlara imza atmak ve bu ama\u00e7taki her kurum, kurulu\u015f ve\norganizasyona destek vermek. <\/p>\n\n\n\n<p>Bu ama\u00e7la ger\u00e7ekle\u015ftirdi\u011fimiz projeler :\nFutbol turnuvalar\u0131, k\u00fclt\u00fcr gezileri ve gidilen yerlerde \u00e7e\u015fitli yard\u0131mlar, Soma\n\u00e7ocuklar\u0131na destek, iftar yemekleri.<\/p>\n\n\n\n<p>20 Kas\u0131m 2014\u2019te Hollanda\u2019da\narkada\u015flar\u0131m\u0131z da Deva\u2019y\u0131 Hollanda\u2019ya ta\u015f\u0131d\u0131 ve Deva Hollanda\u2019y\u0131 kurdu. Turnuva\netkinlikleri yan\u0131s\u0131ra k\u0131yafet toplama, m\u00fcltecilere yard\u0131mlar gibi etkinliklerle\n2018 y\u0131l\u0131na dek faaliyetteidiler.<\/p>\n\n\n\n<p>\u00d6n\u00fcm\u00fczdeki etkinlikleri Anasayfa\u2019da bulabilirsiniz.<\/p>\n","protected":false},"excerpt":{"rendered":"<p>Y\u00f6netim Kurulu Kurucular Burak Akyol, Selim Y\u0131lmaz, Alican Ku\u015fcu Deva Derne\u011fin Hikayesi Deva Derne\u011finin hikayesi 2011 y\u0131l\u0131nda 3 arkada\u015f\u0131n \u00fclkelerindeki ac\u0131ya ortak olmak istemeleriyle ba\u015flam\u0131\u015ft\u0131r. 2011 y\u0131l\u0131nda meydana gelen ve herkesi derinden etkileyen Van depremini hepiniz hat\u0131rl\u0131yorsunuz. So\u011fuk k\u0131\u015f mevsimi kap\u0131dayken insanlar ne yaz\u0131k ki evsiz barks\u0131z kald\u0131lar. Bizler bunlar\u0131 \u00f6ylece izlemektense harekete ge\u00e7meye karar [&hellip;]<\/p>\n","protected":false},"author":1,"featured_media":53,"parent":0,"menu_order":0,"comment_status":"closed","ping_status":"closed","template":"","meta":{"pagelayer_contact_templates":[],"_pagelayer_content":"","footnotes":""},"class_list":["post-9","page","type-page","status-publish","has-post-thumbnail","hentry"],"_links":{"self":[{"href":"https:\/\/www.waxoxato.cyon.site\/devadernegi\/wp-json\/wp\/v2\/pages\/9","targetHints":{"allow":["GET"]}}],"collection":[{"href":"https:\/\/www.waxoxato.cyon.site\/devadernegi\/wp-json\/wp\/v2\/pages"}],"about":[{"href":"https:\/\/www.waxoxato.cyon.site\/devadernegi\/wp-json\/wp\/v2\/types\/page"}],"author":[{"embeddable":true,"href":"https:\/\/www.waxoxato.cyon.site\/devadernegi\/wp-json\/wp\/v2\/users\/1"}],"replies":[{"embeddable":true,"href":"https:\/\/www.waxoxato.cyon.site\/devadernegi\/wp-json\/wp\/v2\/comments?post=9"}],"version-history":[{"count":3,"href":"https:\/\/www.waxoxato.cyon.site\/devadernegi\/wp-json\/wp\/v2\/pages\/9\/revisions"}],"predecessor-version":[{"id":56,"href":"https:\/\/www.waxoxato.cyon.site\/devadernegi\/wp-json\/wp\/v2\/pages\/9\/revisions\/56"}],"wp:featuredmedia":[{"embeddable":true,"href":"https:\/\/www.waxoxato.cyon.site\/devadernegi\/wp-json\/wp\/v2\/media\/53"}],"wp:attachment":[{"href":"https:\/\/www.waxoxato.cyon.site\/devadernegi\/wp-json\/wp\/v2\/media?parent=9"}],"curies":[{"name":"wp","href":"https:\/\/api.w.org\/{rel}","templated":true}]}}