{"id":41,"date":"2025-08-31T16:52:12","date_gmt":"2025-08-31T14:52:12","guid":{"rendered":"https:\/\/www.waxoxato.cyon.site\/devadernegi\/?page_id=41"},"modified":"2025-08-31T16:52:12","modified_gmt":"2025-08-31T14:52:12","slug":"turnuva","status":"publish","type":"page","link":"https:\/\/www.waxoxato.cyon.site\/devadernegi\/turnuva\/","title":{"rendered":"Turnuva"},"content":{"rendered":"\n<h2 class=\"wp-block-heading has-large-font-size\"><strong>\u0130yili\u011fe U\u00e7an Goller<br><\/strong><\/h2>\n\n\n\n<div class=\"wp-block-buttons is-layout-flex wp-block-buttons-is-layout-flex\">\n<div class=\"wp-block-button\"><a class=\"wp-block-button__link wp-element-button\" href=\"https:\/\/forms.gle\/tsWPnTvwjBkgHxWt7\">Kay\u0131t Formu<\/a><\/div>\n\n\n\n<div class=\"wp-block-button\"><a class=\"wp-block-button__link wp-element-button\" href=\"https:\/\/devaverein.ch\/wp-content\/uploads\/2023\/08\/Spielreglement-Benefizturner-4.pdf\">Oyun kurallar\u0131\u00a0<\/a><\/div>\n<\/div>\n\n\n\n<figure class=\"wp-block-image size-large\"><img loading=\"lazy\" decoding=\"async\" width=\"768\" height=\"1024\" src=\"https:\/\/www.waxoxato.cyon.site\/devadernegi\/wp-content\/uploads\/sites\/2\/2025\/08\/flyer-768x1024.jpg\" alt=\"\" class=\"wp-image-42\" srcset=\"https:\/\/www.waxoxato.cyon.site\/devadernegi\/wp-content\/uploads\/sites\/2\/2025\/08\/flyer-768x1024.jpg 768w, https:\/\/www.waxoxato.cyon.site\/devadernegi\/wp-content\/uploads\/sites\/2\/2025\/08\/flyer-225x300.jpg 225w, https:\/\/www.waxoxato.cyon.site\/devadernegi\/wp-content\/uploads\/sites\/2\/2025\/08\/flyer.jpg 1080w\" sizes=\"auto, (max-width: 768px) 100vw, 768px\" \/><\/figure>\n","protected":false},"excerpt":{"rendered":"<p>\u0130yili\u011fe U\u00e7an Goller<\/p>\n","protected":false},"author":1,"featured_media":0,"parent":0,"menu_order":0,"comment_status":"closed","ping_status":"closed","template":"","meta":{"pagelayer_contact_templates":[],"_pagelayer_content":"","footnotes":""},"class_list":["post-41","page","type-page","status-publish","hentry"],"_links":{"self":[{"href":"https:\/\/www.waxoxato.cyon.site\/devadernegi\/wp-json\/wp\/v2\/pages\/41","targetHints":{"allow":["GET"]}}],"collection":[{"href":"https:\/\/www.waxoxato.cyon.site\/devadernegi\/wp-json\/wp\/v2\/pages"}],"about":[{"href":"https:\/\/www.waxoxato.cyon.site\/devadernegi\/wp-json\/wp\/v2\/types\/page"}],"author":[{"embeddable":true,"href":"https:\/\/www.waxoxato.cyon.site\/devadernegi\/wp-json\/wp\/v2\/users\/1"}],"replies":[{"embeddable":true,"href":"https:\/\/www.waxoxato.cyon.site\/devadernegi\/wp-json\/wp\/v2\/comments?post=41"}],"version-history":[{"count":1,"href":"https:\/\/www.waxoxato.cyon.site\/devadernegi\/wp-json\/wp\/v2\/pages\/41\/revisions"}],"predecessor-version":[{"id":43,"href":"https:\/\/www.waxoxato.cyon.site\/devadernegi\/wp-json\/wp\/v2\/pages\/41\/revisions\/43"}],"wp:attachment":[{"href":"https:\/\/www.waxoxato.cyon.site\/devadernegi\/wp-json\/wp\/v2\/media?parent=41"}],"curies":[{"name":"wp","href":"https:\/\/api.w.org\/{rel}","templated":true}]}}