{"id":38,"date":"2025-08-31T16:31:00","date_gmt":"2025-08-31T14:31:00","guid":{"rendered":"https:\/\/www.waxoxato.cyon.site\/devadernegi\/?page_id=38"},"modified":"2025-08-31T16:32:31","modified_gmt":"2025-08-31T14:32:31","slug":"walkfordeva","status":"publish","type":"page","link":"https:\/\/www.waxoxato.cyon.site\/devadernegi\/walkfordeva\/","title":{"rendered":"#WalkForDeva"},"content":{"rendered":"\n<p>E\u015fini dostunu arkada\u015f\u0131n\u0131 ya da en yak\u0131nlar\u0131n\u0131 kendine sponsor yap, Deva i\u00e7in kilometre ba\u015f\u0131 para topla ve iyilik zincirine bu sene ister ko\u015farak ister y\u00fcr\u00fcyerek katk\u0131da bulun! <\/p>\n\n\n\n<p>Kendi parkurunu kendin yarat, kilometre hedefini kendin belirle ve 1 hafta boyunca istedi\u011fin zaman bizimle #WalkForDeva!<\/p>\n\n\n\n<p>T\u00fcyo: Kendine birden fazla destek\u00e7i bul, daha fazla gelire ula\u015f, daha \u00e7ok ba\u011f\u0131\u015fta bulun \ud83d\ude42<\/p>\n\n\n\n<p>Nas\u0131l m\u0131? Charity Run \u00f6ncesi kendine 1 ya da daha fazla sponsor bul ve katetti\u011fin kilometre ba\u015f\u0131 en az 5 CHF\/ 5 \u20ac \/ 10TL vermelerine ikna et. \u00c7evrendeki herkesi sponsor yapabilirsin: e\u015fin, arkada\u015flar\u0131n, i\u015f yerindekiler, tan\u0131d\u0131\u011f\u0131n \u015firketler vs.<\/p>\n\n\n\n<p><strong>Kat\u0131l\u0131m:<\/strong> d\u00fcnyadaki herkes, \u00fccretsiz<\/p>\n\n\n\n<p><strong>Ba\u015flang\u0131\u00e7:<\/strong> Pazar 30 May\u0131s 2021 saat 10.00, 6 Haziran 2021 saat 18.00&#8217;ye kadar. Bu s\u00fcre i\u00e7ersinde ne zaman y\u00fcr\u00fcmek\/ko\u015fmak istedi\u011fine kendin karar ver ve max. 3 saat y\u00fcr\u00fc\/ko\u015f. E\u011fer bir ka\u00e7 kere y\u00fcr\u00fcrsen\/ko\u015farsan en iyi performans\u0131n say\u0131lacakt\u0131r.<\/p>\n\n\n\n<p><strong>Ba\u015fvuru:<\/strong>&nbsp; <a rel=\"noreferrer noopener\" aria-label=\"https:\/\/o2h.ch\/deva\/#lang=tr (\u00f6ffnet in neuem Tab)\" href=\"https:\/\/o2h.ch\/deva\/#lang=tr\" target=\"_blank\">https:\/\/o2h.ch\/deva\/#lang=tr<\/a>&nbsp;sayfas\u0131na kay\u0131t ol ve sponsorlar\u0131n\u0131 listele. Sponsorlar\u0131na E-posta g\u00f6ndererek onay\u0131n\u0131 al\u0131yoruz. Y\u00fcr\u00fcy\u00fc\u015f sonras\u0131 direk faturay\u0131 E-Posta olarak g\u00f6ndeririyoruz. T\u00fcm i\u015flemler E-Posta \u00fczeri ger\u00e7ekle\u015fecek. E\u011fer ba\u011f\u0131\u015flar\u0131 kendin toplamak istiyorsan, sponsor olarak kendi E-Posta adresini yazabilirsin.<\/p>\n\n\n\n<div class=\"wp-block-file\"><a href=\"https:\/\/devaverein.ch\/wp-content\/uploads\/2021\/05\/StickerWalkForDeva-1.pdf\">Buradan y\u00fcr\u00fcy\u00fc\u015f i\u00e7in sticker indirebilirsiniz!<\/a><a href=\"https:\/\/devaverein.ch\/wp-content\/uploads\/2021\/05\/StickerWalkForDeva-1.pdf\" class=\"wp-block-file__button wp-element-button\" download>Herunterladen<\/a><\/div>\n\n\n\n<figure class=\"wp-block-image is-resized\"><img decoding=\"async\" src=\"https:\/\/devaverein.ch\/wp-content\/uploads\/2021\/05\/Bildschirmfoto-2021-05-26-um-17.09.52-1.png\" alt=\"\" class=\"wp-image-648\" style=\"width:420px;height:292px\"\/><\/figure>\n\n\n\n<p><strong><em>TrackTok<\/em> <\/strong>uygulamas\u0131n\u0131 indir ve <em>Tag<\/em>&#8216;i ba\u015fvuruya ekle. Y\u00fcr\u00fcy\u00fc\u015f\/ko\u015fuya ba\u015flamadan uygulamay\u0131 a\u00e7 ve performans\u0131n\u0131&nbsp;kaydet!<\/p>\n\n\n\n<p>#WalkForDeva ve ba\u015far\u0131lar!<\/p>\n\n\n\n<figure class=\"wp-block-gallery has-nested-images columns-default is-cropped wp-block-gallery-1 is-layout-flex wp-block-gallery-is-layout-flex\">\n<figure class=\"wp-block-image\"><img decoding=\"async\" data-id=\"585\" src=\"https:\/\/devaverein.ch\/wp-content\/uploads\/2021\/05\/PHOTO-2021-05-06-22-00-05-730x1024.jpg\" alt=\"\" class=\"wp-image-585\"\/><\/figure>\n<\/figure>\n","protected":false},"excerpt":{"rendered":"<p>E\u015fini dostunu arkada\u015f\u0131n\u0131 ya da en yak\u0131nlar\u0131n\u0131 kendine sponsor yap, Deva i\u00e7in kilometre ba\u015f\u0131 para topla ve iyilik zincirine bu sene ister ko\u015farak ister y\u00fcr\u00fcyerek katk\u0131da bulun! Kendi parkurunu kendin yarat, kilometre hedefini kendin belirle ve 1 hafta boyunca istedi\u011fin zaman bizimle #WalkForDeva! T\u00fcyo: Kendine birden fazla destek\u00e7i bul, daha fazla gelire ula\u015f, daha \u00e7ok [&hellip;]<\/p>\n","protected":false},"author":1,"featured_media":0,"parent":0,"menu_order":0,"comment_status":"closed","ping_status":"closed","template":"","meta":{"pagelayer_contact_templates":[],"_pagelayer_content":"","footnotes":""},"class_list":["post-38","page","type-page","status-publish","hentry"],"_links":{"self":[{"href":"https:\/\/www.waxoxato.cyon.site\/devadernegi\/wp-json\/wp\/v2\/pages\/38","targetHints":{"allow":["GET"]}}],"collection":[{"href":"https:\/\/www.waxoxato.cyon.site\/devadernegi\/wp-json\/wp\/v2\/pages"}],"about":[{"href":"https:\/\/www.waxoxato.cyon.site\/devadernegi\/wp-json\/wp\/v2\/types\/page"}],"author":[{"embeddable":true,"href":"https:\/\/www.waxoxato.cyon.site\/devadernegi\/wp-json\/wp\/v2\/users\/1"}],"replies":[{"embeddable":true,"href":"https:\/\/www.waxoxato.cyon.site\/devadernegi\/wp-json\/wp\/v2\/comments?post=38"}],"version-history":[{"count":1,"href":"https:\/\/www.waxoxato.cyon.site\/devadernegi\/wp-json\/wp\/v2\/pages\/38\/revisions"}],"predecessor-version":[{"id":39,"href":"https:\/\/www.waxoxato.cyon.site\/devadernegi\/wp-json\/wp\/v2\/pages\/38\/revisions\/39"}],"wp:attachment":[{"href":"https:\/\/www.waxoxato.cyon.site\/devadernegi\/wp-json\/wp\/v2\/media?parent=38"}],"curies":[{"name":"wp","href":"https:\/\/api.w.org\/{rel}","templated":true}]}}