{"id":86,"date":"2025-08-31T14:31:58","date_gmt":"2025-08-31T14:31:58","guid":{"rendered":"https:\/\/www.waxoxato.cyon.site\/?page_id=86"},"modified":"2025-08-31T14:32:13","modified_gmt":"2025-08-31T14:32:13","slug":"walkfordeva","status":"publish","type":"page","link":"https:\/\/www.waxoxato.cyon.site\/de\/walkfordeva\/","title":{"rendered":"#WalkForDeva"},"content":{"rendered":"\n<p>Mache deine Freunde, Familie und Kollegen zu deinem Sponsor und bew\u00e4ltige Kilometer, damit du Spenden sammeln kannst! Egal ob du spazierst oder rennst, du kannst deine Ziele selber bestimmen und somit 1 Woche lang mit uns die Spendenkette zum Wachsen bringen.<\/p>\n\n\n\n<p>Tipp: Je mehr Unterst\u00fctzer du pro KM hast, desto mehr kannst du spenden!<\/p>\n\n\n\n<p>So funktioniert der Lauf: Such dir vor dem Sponsorenlauf einen oder mehrere Sponsoren, die sich bereit erkl\u00e4ren, f\u00fcr jeden gelaufenen Kilometer mindestens 5.- CHF zu spenden. Die Unterst\u00fctzer ist deine Familie, dein Freundeskreis,&nbsp; deine Arbeitskollegen&nbsp;oder auch Firmen.<\/p>\n\n\n\n<p><strong>Teilnahme:<\/strong> Jede und jeder auf dieser Welt, kostenlos<\/p>\n\n\n\n<p><strong>Start:<\/strong> Sonntag, 30. Mai 2021 10.00 Uhr, bis 6. Juni 2021 18.00 Uhr. Entscheide selber, wann du laufen\/gehen m\u00f6chtest. L\u00e4ufst\/gehst du in dieser Zeit mehrmals, wird die beste Leistung gez\u00e4hlt.<\/p>\n\n\n\n<p><strong>Dauer:<\/strong> max. 3 Stunden<\/p>\n\n\n\n<p><strong>Anmeldung: <\/strong>Melde dich unter&nbsp;<a href=\"https:\/\/o2h.ch\/deva\/\">https:\/\/o2h.ch\/deva\/<\/a>&nbsp;an und trage deine Sponsoren ein. Deine Sponsoren erhalten eine E-Mail und m\u00fcssen das Sponsoring best\u00e4tigen. Nach dem Lauf senden wir ihnen direkt eine Rechnung. Das Ganze l\u00e4uft per E-Mail ab. Wenn du das Geld selber einziehen willst, gib deine eigene E-Mail-Adresse als Sponsor an.&nbsp;&nbsp;<br>Lade die App <em><strong>TrackTok<\/strong><\/em>&nbsp;herunter und gib den <em>Tag<\/em> bei der Anmeldung an. Starte nun die App, damit deine Leistung aufgezeichnet werden kann!<\/p>\n\n\n\n<p>Unter den besten <strong>Teilnehmern\/-innen<\/strong> verlosen wir tolle Preise.<\/p>\n\n\n\n<div class=\"wp-block-file\"><a href=\"https:\/\/devaverein.ch\/wp-content\/uploads\/2021\/05\/StickerWalkForDeva.pdf\">Hier k\u00f6nnt ihr ein Laufsticker herunterladen! <\/a><a href=\"https:\/\/devaverein.ch\/wp-content\/uploads\/2021\/05\/StickerWalkForDeva.pdf\" class=\"wp-block-file__button wp-element-button\" download>Herunterladen<\/a><\/div>\n\n\n\n<figure class=\"wp-block-image is-resized\"><img decoding=\"async\" src=\"https:\/\/devaverein.ch\/wp-content\/uploads\/2021\/05\/Bildschirmfoto-2021-05-26-um-17.09.52.png\" alt=\"\" class=\"wp-image-645\" style=\"width:365px;height:254px\"\/><\/figure>\n\n\n\n<p>Alle Teilnehmer\/-innen aus der Schweiz, die mindestens 1 Sponsor haben, erhalten ein Laufkit mit vielen \u00dcberraschungen!<\/p>\n\n\n\n<figure class=\"wp-block-gallery has-nested-images columns-default is-cropped wp-block-gallery-1 is-layout-flex wp-block-gallery-is-layout-flex\">\n<figure class=\"wp-block-image\"><img decoding=\"async\" data-id=\"587\" src=\"https:\/\/devaverein.ch\/wp-content\/uploads\/2021\/05\/PHOTO-2021-05-06-22-00-05-1-730x1024.jpg\" alt=\"\" class=\"wp-image-587\"\/><\/figure>\n<\/figure>\n","protected":false},"excerpt":{"rendered":"<p>Mache deine Freunde, Familie und Kollegen zu deinem Sponsor und bew\u00e4ltige Kilometer, damit du Spenden sammeln kannst! Egal ob du spazierst oder rennst, du kannst deine Ziele selber bestimmen und somit 1 Woche lang mit uns die Spendenkette zum Wachsen bringen. Tipp: Je mehr Unterst\u00fctzer du pro KM hast, desto mehr kannst du spenden! So [&hellip;]<\/p>\n","protected":false},"author":1,"featured_media":0,"parent":0,"menu_order":0,"comment_status":"closed","ping_status":"closed","template":"","meta":{"pagelayer_contact_templates":[],"_pagelayer_content":"","footnotes":""},"class_list":["post-86","page","type-page","status-publish","hentry"],"_links":{"self":[{"href":"https:\/\/www.waxoxato.cyon.site\/de\/wp-json\/wp\/v2\/pages\/86","targetHints":{"allow":["GET"]}}],"collection":[{"href":"https:\/\/www.waxoxato.cyon.site\/de\/wp-json\/wp\/v2\/pages"}],"about":[{"href":"https:\/\/www.waxoxato.cyon.site\/de\/wp-json\/wp\/v2\/types\/page"}],"author":[{"embeddable":true,"href":"https:\/\/www.waxoxato.cyon.site\/de\/wp-json\/wp\/v2\/users\/1"}],"replies":[{"embeddable":true,"href":"https:\/\/www.waxoxato.cyon.site\/de\/wp-json\/wp\/v2\/comments?post=86"}],"version-history":[{"count":1,"href":"https:\/\/www.waxoxato.cyon.site\/de\/wp-json\/wp\/v2\/pages\/86\/revisions"}],"predecessor-version":[{"id":87,"href":"https:\/\/www.waxoxato.cyon.site\/de\/wp-json\/wp\/v2\/pages\/86\/revisions\/87"}],"wp:attachment":[{"href":"https:\/\/www.waxoxato.cyon.site\/de\/wp-json\/wp\/v2\/media?parent=86"}],"curies":[{"name":"wp","href":"https:\/\/api.w.org\/{rel}","templated":true}]}}