{"id":82,"date":"2025-08-31T14:17:39","date_gmt":"2025-08-31T14:17:39","guid":{"rendered":"https:\/\/www.waxoxato.cyon.site\/?page_id=82"},"modified":"2025-08-31T14:17:39","modified_gmt":"2025-08-31T14:17:39","slug":"veranstaltungen","status":"publish","type":"page","link":"https:\/\/www.waxoxato.cyon.site\/de\/veranstaltungen\/","title":{"rendered":"Veranstaltungen"},"content":{"rendered":"\n<h3 class=\"wp-block-heading has-x-large-font-size\"><strong>Fussball Turniere<\/strong><\/h3>\n\n\n\n<ul class=\"wp-block-list\">\n<li class=\"has-large-font-size\">13.11.2011 Van\u2019na Play Football?! \u2013\u00a0<strong>T\u00fcrkischer Roter Halbmond<\/strong><\/li>\n\n\n\n<li class=\"has-large-font-size\">28.10.2012 Mehmet Karde\u0219in \u2013\u00a0<strong>\u201eMehmetcik\u201c Stiftung<\/strong><\/li>\n\n\n\n<li class=\"has-large-font-size\">09.11.2013 Lets play football against cancer! \u2013\u00a0<strong>L\u00f6sev &amp; Krebsliga<\/strong><\/li>\n\n\n\n<li class=\"has-large-font-size\">26.10.2014 Lasst uns die Hindernisse mit Fu\u00dfball \u00fcberwinden \u2013\u00a0<strong>TESYEV<\/strong><\/li>\n\n\n\n<li class=\"has-large-font-size\">01.11.2015 Ihr seid nicht allein \u2013\u00a0<strong>Zugunsten von Waisenkindern<\/strong><\/li>\n\n\n\n<li class=\"has-large-font-size\">13.11.2016 Deva schenkt Hoffnung \u2013\u00a0<strong>\u201eBir Can Bin Umut\u201c Stiftung<\/strong><\/li>\n\n\n\n<li class=\"has-large-font-size\">12.11.2017 Tr\u00e4ume werden wahr mit Devaa \u2013\u00a0<strong>Hayaller Ger\u00e7ek olsa\u201c \u2013 Schmetterlingskinder<\/strong><\/li>\n\n\n\n<li class=\"has-large-font-size\">11.11.2018 8. DEVA Benefiz-Turnier \u2013\u00a0<strong>Dertlere DEVA ol, yar\u0131nlar\u0131 ayd\u0131nlat<\/strong><\/li>\n\n\n\n<li class=\"has-large-font-size\">16.11.2019 DEVA Benefiz-Turnier \u2013\u00a0<strong>Dertlere DEVA ol, yar\u0131nlar\u0131 ayd\u0131nlat<\/strong><\/li>\n\n\n\n<li class=\"has-large-font-size\">12.11.2022 Hayat DEVA ile renkleniyor \u2013\u00a0<strong>Hayata Renk Ver Verein\u00a0<\/strong>und\u00a0<strong>Theodora Stiftung<\/strong><\/li>\n\n\n\n<li class=\"has-large-font-size\">11.11.2023 Kick f\u00fcr das Bewusstsein f\u00fcr Autismus \u2013\u00a0<strong>Yakamoz Autismus Sports Club<\/strong>\u00a0und\u00a0<strong>Tohum Autismus<\/strong><\/li>\n<\/ul>\n\n\n\n<h3 class=\"wp-block-heading has-x-large-font-size\"><strong>Reiseveranstaltungen<\/strong><\/h3>\n\n\n\n<ul class=\"wp-block-list\">\n<li class=\"has-large-font-size\">17.-22.04.2014\u00a0<strong>S\u00fcdostanatolien \u2013 Kulturreise<\/strong><\/li>\n\n\n\n<li class=\"has-large-font-size\">21.-25.05.2015\u00a0<strong>Konya, Kappadokien, Ankara Tour<\/strong><\/li>\n\n\n\n<li class=\"has-large-font-size\">04.-09.05.2016\u00a0<strong>Schwarzmeerregion Tour<\/strong><\/li>\n\n\n\n<li class=\"has-large-font-size\">13.-19.04.2017\u00a0<strong>\u00c7anakkale und n\u00f6rdliche \u00c4g\u00e4is Tour<\/strong><\/li>\n\n\n\n<li class=\"has-large-font-size\">18.-24.04.2019<strong>\u00a0Erzurum, Kars und Van<\/strong><\/li>\n\n\n\n<li class=\"has-large-font-size\">17.-23.04.2025\u00a0<strong>S\u00fcdostanatolien \u2013 Kulturreise<\/strong><\/li>\n<\/ul>\n\n\n\n<h3 class=\"wp-block-heading has-x-large-font-size\"><strong>Konzerte<\/strong><\/h3>\n\n\n\n<ul class=\"wp-block-list\">\n<li class=\"has-large-font-size\">15.06.2013\u00a0<strong>S\u00fcmer Ezg\u00fc \u2013 \u201eMehmetcik\u201c Verein<\/strong><\/li>\n\n\n\n<li class=\"has-large-font-size\">24.05.2014\u00a0<strong>Turkish Rock Night \u2013 Zugunsten der Opfer in Soma<\/strong><\/li>\n<\/ul>\n\n\n\n<h3 class=\"wp-block-heading has-x-large-font-size\"><strong>Fastenbrechen<\/strong><\/h3>\n\n\n\n<ul class=\"wp-block-list\">\n<li class=\"has-large-font-size\">03.06.2018\u00a0<strong>Deva \u0130ftar \u201eBir Can Bin Umut\u201c Stiftung<\/strong><\/li>\n\n\n\n<li class=\"has-large-font-size\">11.05.2019\u00a0<strong>Deva \u0130ftar Kelebek \u00c7ocuklar Derne\u011fi<\/strong><\/li>\n\n\n\n<li class=\"has-large-font-size\">09.04.2022\u00a0<strong>Deva \u0130ftar Kelebek \u00c7ocuklar Derne\u011fi<\/strong><\/li>\n\n\n\n<li class=\"has-large-font-size\">01.04.2023\u00a0<strong>Deva \u0130ftar Kelebek \u00c7ocuklar Derne\u011fi<\/strong><\/li>\n\n\n\n<li class=\"has-large-font-size\">16.03.2024\u00a0<strong>Deva \u0130ftar Deluxe Wedding \u2013 zugunsten Deva Verein<\/strong><\/li>\n\n\n\n<li class=\"has-large-font-size\">15.03.2025\u00a0<strong>Deva \u0130ftar Deluxe Wedding \u2013 zugunsten Deva Verein<\/strong><\/li>\n<\/ul>\n\n\n\n<h3 class=\"wp-block-heading has-x-large-font-size\"><strong>Charity Run<\/strong><\/h3>\n\n\n\n<ul class=\"wp-block-list\">\n<li class=\"has-large-font-size\">25.10.2020 \u2013 31.10.2020\u00a0<strong>All over the world<\/strong><\/li>\n\n\n\n<li class=\"has-large-font-size\">23.05.2021 \u2013 30.05.2021\u00a0<strong>All over the world<\/strong><\/li>\n<\/ul>\n\n\n\n<p><\/p>\n","protected":false},"excerpt":{"rendered":"<p>Fussball Turniere Reiseveranstaltungen Konzerte Fastenbrechen Charity Run<\/p>\n","protected":false},"author":1,"featured_media":0,"parent":0,"menu_order":0,"comment_status":"closed","ping_status":"closed","template":"","meta":{"pagelayer_contact_templates":[],"_pagelayer_content":"","footnotes":""},"class_list":["post-82","page","type-page","status-publish","hentry"],"_links":{"self":[{"href":"https:\/\/www.waxoxato.cyon.site\/de\/wp-json\/wp\/v2\/pages\/82","targetHints":{"allow":["GET"]}}],"collection":[{"href":"https:\/\/www.waxoxato.cyon.site\/de\/wp-json\/wp\/v2\/pages"}],"about":[{"href":"https:\/\/www.waxoxato.cyon.site\/de\/wp-json\/wp\/v2\/types\/page"}],"author":[{"embeddable":true,"href":"https:\/\/www.waxoxato.cyon.site\/de\/wp-json\/wp\/v2\/users\/1"}],"replies":[{"embeddable":true,"href":"https:\/\/www.waxoxato.cyon.site\/de\/wp-json\/wp\/v2\/comments?post=82"}],"version-history":[{"count":1,"href":"https:\/\/www.waxoxato.cyon.site\/de\/wp-json\/wp\/v2\/pages\/82\/revisions"}],"predecessor-version":[{"id":84,"href":"https:\/\/www.waxoxato.cyon.site\/de\/wp-json\/wp\/v2\/pages\/82\/revisions\/84"}],"wp:attachment":[{"href":"https:\/\/www.waxoxato.cyon.site\/de\/wp-json\/wp\/v2\/media?parent=82"}],"curies":[{"name":"wp","href":"https:\/\/api.w.org\/{rel}","templated":true}]}}