{"id":15,"date":"2025-08-29T23:31:56","date_gmt":"2025-08-29T23:31:56","guid":{"rendered":"https:\/\/www.waxoxato.cyon.site\/?page_id=15"},"modified":"2025-08-31T15:25:13","modified_gmt":"2025-08-31T15:25:13","slug":"ueber-uns","status":"publish","type":"page","link":"https:\/\/www.waxoxato.cyon.site\/de\/ueber-uns\/","title":{"rendered":"\u00dcber uns"},"content":{"rendered":"\n<h4 class=\"wp-block-heading\">Vereinsmitglieder<\/h4>\n\n\n\n<figure class=\"wp-block-gallery has-nested-images columns-2 is-cropped wp-block-gallery-1 is-layout-flex wp-block-gallery-is-layout-flex\">\n<figure class=\"wp-block-image size-large\"><img loading=\"lazy\" decoding=\"async\" width=\"683\" height=\"1024\" data-id=\"93\" src=\"https:\/\/www.waxoxato.cyon.site\/wp-content\/uploads\/2025\/08\/IMG_0055-683x1024.jpg\" alt=\"\" class=\"wp-image-93\" srcset=\"https:\/\/www.waxoxato.cyon.site\/wp-content\/uploads\/2025\/08\/IMG_0055-683x1024.jpg 683w, https:\/\/www.waxoxato.cyon.site\/wp-content\/uploads\/2025\/08\/IMG_0055-200x300.jpg 200w, https:\/\/www.waxoxato.cyon.site\/wp-content\/uploads\/2025\/08\/IMG_0055-768x1152.jpg 768w, https:\/\/www.waxoxato.cyon.site\/wp-content\/uploads\/2025\/08\/IMG_0055-1024x1536.jpg 1024w, https:\/\/www.waxoxato.cyon.site\/wp-content\/uploads\/2025\/08\/IMG_0055-1366x2048.jpg 1366w, https:\/\/www.waxoxato.cyon.site\/wp-content\/uploads\/2025\/08\/IMG_0055-8x12.jpg 8w, https:\/\/www.waxoxato.cyon.site\/wp-content\/uploads\/2025\/08\/IMG_0055-scaled.jpg 1707w\" sizes=\"auto, (max-width: 683px) 100vw, 683px\" \/><figcaption class=\"wp-element-caption\">Selim Y\u0131lmaz (Pr\u00e4sident)<\/figcaption><\/figure>\n\n\n\n<figure class=\"wp-block-image size-large\"><img loading=\"lazy\" decoding=\"async\" width=\"683\" height=\"1024\" data-id=\"94\" src=\"https:\/\/www.waxoxato.cyon.site\/wp-content\/uploads\/2025\/08\/IMG_0054-683x1024.jpg\" alt=\"\" class=\"wp-image-94\" srcset=\"https:\/\/www.waxoxato.cyon.site\/wp-content\/uploads\/2025\/08\/IMG_0054-683x1024.jpg 683w, https:\/\/www.waxoxato.cyon.site\/wp-content\/uploads\/2025\/08\/IMG_0054-200x300.jpg 200w, https:\/\/www.waxoxato.cyon.site\/wp-content\/uploads\/2025\/08\/IMG_0054-768x1152.jpg 768w, https:\/\/www.waxoxato.cyon.site\/wp-content\/uploads\/2025\/08\/IMG_0054-1024x1536.jpg 1024w, https:\/\/www.waxoxato.cyon.site\/wp-content\/uploads\/2025\/08\/IMG_0054-1366x2048.jpg 1366w, https:\/\/www.waxoxato.cyon.site\/wp-content\/uploads\/2025\/08\/IMG_0054-8x12.jpg 8w, https:\/\/www.waxoxato.cyon.site\/wp-content\/uploads\/2025\/08\/IMG_0054-scaled.jpg 1707w\" sizes=\"auto, (max-width: 683px) 100vw, 683px\" \/><figcaption class=\"wp-element-caption\">Ye\u015fim \u00c7etin <\/figcaption><\/figure>\n\n\n\n<figure class=\"wp-block-image size-large\"><img loading=\"lazy\" decoding=\"async\" width=\"683\" height=\"1024\" data-id=\"95\" src=\"https:\/\/www.waxoxato.cyon.site\/wp-content\/uploads\/2025\/08\/IMG_0056-min-683x1024.jpg\" alt=\"\" class=\"wp-image-95\" srcset=\"https:\/\/www.waxoxato.cyon.site\/wp-content\/uploads\/2025\/08\/IMG_0056-min-683x1024.jpg 683w, https:\/\/www.waxoxato.cyon.site\/wp-content\/uploads\/2025\/08\/IMG_0056-min-200x300.jpg 200w, https:\/\/www.waxoxato.cyon.site\/wp-content\/uploads\/2025\/08\/IMG_0056-min-768x1152.jpg 768w, https:\/\/www.waxoxato.cyon.site\/wp-content\/uploads\/2025\/08\/IMG_0056-min-1024x1536.jpg 1024w, https:\/\/www.waxoxato.cyon.site\/wp-content\/uploads\/2025\/08\/IMG_0056-min-1365x2048.jpg 1365w, https:\/\/www.waxoxato.cyon.site\/wp-content\/uploads\/2025\/08\/IMG_0056-min-8x12.jpg 8w, https:\/\/www.waxoxato.cyon.site\/wp-content\/uploads\/2025\/08\/IMG_0056-min-scaled.jpg 1707w\" sizes=\"auto, (max-width: 683px) 100vw, 683px\" \/><figcaption class=\"wp-element-caption\">Alican Ku\u015fcu<\/figcaption><\/figure>\n\n\n\n<figure class=\"wp-block-image\"><img decoding=\"async\" data-id=\"949\" src=\"https:\/\/devaverein.ch\/wp-content\/uploads\/2023\/03\/Ahmet-683x1024.jpg\" alt=\"\" class=\"wp-image-949\"\/><figcaption class=\"wp-element-caption\">Ahmet \u00d6zta\u015f<\/figcaption><\/figure>\n\n\n\n<figure class=\"wp-block-image size-large\"><img loading=\"lazy\" decoding=\"async\" width=\"683\" height=\"1024\" data-id=\"96\" src=\"https:\/\/www.waxoxato.cyon.site\/wp-content\/uploads\/2025\/08\/IMG_0053-683x1024.jpg\" alt=\"\" class=\"wp-image-96\" srcset=\"https:\/\/www.waxoxato.cyon.site\/wp-content\/uploads\/2025\/08\/IMG_0053-683x1024.jpg 683w, https:\/\/www.waxoxato.cyon.site\/wp-content\/uploads\/2025\/08\/IMG_0053-200x300.jpg 200w, https:\/\/www.waxoxato.cyon.site\/wp-content\/uploads\/2025\/08\/IMG_0053-768x1152.jpg 768w, https:\/\/www.waxoxato.cyon.site\/wp-content\/uploads\/2025\/08\/IMG_0053-1024x1536.jpg 1024w, https:\/\/www.waxoxato.cyon.site\/wp-content\/uploads\/2025\/08\/IMG_0053-1366x2048.jpg 1366w, https:\/\/www.waxoxato.cyon.site\/wp-content\/uploads\/2025\/08\/IMG_0053-8x12.jpg 8w, https:\/\/www.waxoxato.cyon.site\/wp-content\/uploads\/2025\/08\/IMG_0053-scaled.jpg 1707w\" sizes=\"auto, (max-width: 683px) 100vw, 683px\" \/><figcaption class=\"wp-element-caption\">Neslihan \u015eeng\u00fcl<\/figcaption><\/figure>\n\n\n\n<figure class=\"wp-block-image size-large\"><img loading=\"lazy\" decoding=\"async\" width=\"683\" height=\"1024\" data-id=\"97\" src=\"https:\/\/www.waxoxato.cyon.site\/wp-content\/uploads\/2025\/08\/IMG_0052-min-683x1024.jpg\" alt=\"\" class=\"wp-image-97\" srcset=\"https:\/\/www.waxoxato.cyon.site\/wp-content\/uploads\/2025\/08\/IMG_0052-min-683x1024.jpg 683w, https:\/\/www.waxoxato.cyon.site\/wp-content\/uploads\/2025\/08\/IMG_0052-min-200x300.jpg 200w, https:\/\/www.waxoxato.cyon.site\/wp-content\/uploads\/2025\/08\/IMG_0052-min-768x1152.jpg 768w, https:\/\/www.waxoxato.cyon.site\/wp-content\/uploads\/2025\/08\/IMG_0052-min-1024x1536.jpg 1024w, https:\/\/www.waxoxato.cyon.site\/wp-content\/uploads\/2025\/08\/IMG_0052-min-1366x2048.jpg 1366w, https:\/\/www.waxoxato.cyon.site\/wp-content\/uploads\/2025\/08\/IMG_0052-min-8x12.jpg 8w, https:\/\/www.waxoxato.cyon.site\/wp-content\/uploads\/2025\/08\/IMG_0052-min-scaled.jpg 1707w\" sizes=\"auto, (max-width: 683px) 100vw, 683px\" \/><figcaption class=\"wp-element-caption\">Murat G\u00fclsever<\/figcaption><\/figure>\n\n\n\n<figure class=\"wp-block-image size-large\"><img loading=\"lazy\" decoding=\"async\" width=\"2560\" height=\"2560\" data-id=\"100\" src=\"https:\/\/www.waxoxato.cyon.site\/wp-content\/uploads\/2025\/08\/IMG_0057-edited-scaled.jpg\" alt=\"\" class=\"wp-image-100\" srcset=\"https:\/\/www.waxoxato.cyon.site\/wp-content\/uploads\/2025\/08\/IMG_0057-edited-scaled.jpg 2560w, https:\/\/www.waxoxato.cyon.site\/wp-content\/uploads\/2025\/08\/IMG_0057-edited-300x300.jpg 300w, https:\/\/www.waxoxato.cyon.site\/wp-content\/uploads\/2025\/08\/IMG_0057-edited-1024x1024.jpg 1024w, https:\/\/www.waxoxato.cyon.site\/wp-content\/uploads\/2025\/08\/IMG_0057-edited-150x150.jpg 150w, https:\/\/www.waxoxato.cyon.site\/wp-content\/uploads\/2025\/08\/IMG_0057-edited-768x768.jpg 768w, https:\/\/www.waxoxato.cyon.site\/wp-content\/uploads\/2025\/08\/IMG_0057-edited-1536x1536.jpg 1536w, https:\/\/www.waxoxato.cyon.site\/wp-content\/uploads\/2025\/08\/IMG_0057-edited-2048x2048.jpg 2048w, https:\/\/www.waxoxato.cyon.site\/wp-content\/uploads\/2025\/08\/IMG_0057-edited-12x12.jpg 12w\" sizes=\"auto, (max-width: 2560px) 100vw, 2560px\" \/><figcaption class=\"wp-element-caption\">Emircan Akg\u00fcl<\/figcaption><\/figure>\n<\/figure>\n\n\n\n<div style=\"height:100px\" aria-hidden=\"true\" class=\"wp-block-spacer\"><\/div>\n\n\n\n<h4 class=\"wp-block-heading\">Vereinsgr\u00fcnder<\/h4>\n\n\n\n<p>Burak Akyol, Selim Y\u0131lmaz, Alican Ku\u015fcu<\/p>\n\n\n\n<p><\/p>\n\n\n\n<h4 class=\"wp-block-heading\">Die Gr\u00fcndungsgeschichte des Vereins<\/h4>\n\n\n<p>\u201eDeva\u201c ist das t\u00fcrkische Wort f\u00fcr Heilmittel. \u201eDeva\u201c, weil wir als Verein das Ziel anstreben, Stiftungen mit unseren Spenden zu unterst\u00fctzen. Durch das Organisieren verschiedener Events, wie Fu\u00dfballturniere oder Konzerte, haben wir es geschafft, in den letzten sieben Jahren erfolgreiche Beitr\u00e4ge an unterschiedliche Stiftungen in der T\u00fcrkei und in der Schweiz zu spenden.<\/p>\n<p>Gegr\u00fcndet wurde der Verein Deva im Jahre 2011 durch den Zusammenschluss von drei Freunden mit dem Ziel, den Leidenden in ihrer Heimat Hilfe zu leisten, nachdem ein Erdbeben den Osten der T\u00fcrkei ersch\u00fcttert hatte.<\/p>\n<p>Im November 2011 organisierten wir binnen zwei Wochen ein Fu\u00dfballturnier mit 24 Mannschaften. Den gesamten erworbenen Ertrag spendeten wir an die gr\u00f6\u00dfte Hilfsorganisation der T\u00fcrkei \u201eKizilay\u201c (\u201eT\u00fcrkischer Roter Halbmond\u201c).<\/p>\n<p>In den darauffolgenden Jahren wurden diese Benefizfu\u00dfballturniere zu unserer Tradition. Wir veranstalteten j\u00e4hrlich ein Turnier und konnten mit den gesammelten Spenden krebskranke Kinder, Kinder mit Behinderungen, verschiedene Schulen, Waisenkinder und bed\u00fcrftige Familien unterst\u00fctzen.<\/p>\n<p>Zudem f\u00fchrten wir einmal pro Jahr eine Reise in verschiedene Regionen der\u00a0T\u00fcrkei durch. Diese Reisen stie\u00dfen auf gro\u00dfes Interesse, sodass sich uns pro Reise etwa 50 Personen aus der Schweiz anschlossen. Gemeinsam besuchten wir viele Sehensw\u00fcrdigkeiten und tauchten ein in die Geschichte der\u00a0T\u00fcrkei. Diese Reisen gaben uns nicht nur die Chance, unsere Heimat n\u00e4her kennenzulernen, sondern erm\u00f6glichten es uns auch, hilfsbed\u00fcrftigen Menschen vor Ort beizustehen und sie zu unterst\u00fctzen.<\/p>\n<p>Um sowohl die j\u00fcngeren als auch die \u00e4lteren Generationen anzusprechen, veranstalteten wir Konzerte, Essen oder Zusammenk\u00fcnfte, an denen sich viele aktiv beteiligten. Im Jahre 2015 gr\u00fcndeten wir mit unseren Freunden den Verein \u201eDeva Holland\u201c in Amsterdam, Holland. Im Rahmen dieser Gr\u00fcndung organisierten wir im Februar 2015 auch ein Fu\u00dfballturnier in Amsterdam. Der Verein \u201eDeva Holland\u201c blieb bis im Jahre 2018 aktiv.<\/p>\n<p>Die aktuellen Events und Informationen finden Sie auf der Startseite.<\/p>","protected":false},"excerpt":{"rendered":"<p>Vereinsmitglieder Vereinsgr\u00fcnder Burak Akyol, Selim Y\u0131lmaz, Alican Ku\u015fcu Die Gr\u00fcndungsgeschichte des Vereins \u201eDeva\u201c ist das t\u00fcrkische Wort f\u00fcr Heilmittel. \u201eDeva\u201c, weil wir als Verein das Ziel anstreben, Stiftungen mit unseren Spenden zu unterst\u00fctzen. Durch das Organisieren verschiedener Events, wie Fu\u00dfballturniere oder Konzerte, haben wir es geschafft, in den letzten sieben Jahren erfolgreiche Beitr\u00e4ge an unterschiedliche [&hellip;]<\/p>\n","protected":false},"author":1,"featured_media":101,"parent":0,"menu_order":0,"comment_status":"closed","ping_status":"closed","template":"","meta":{"pagelayer_contact_templates":[],"_pagelayer_content":"","footnotes":""},"class_list":["post-15","page","type-page","status-publish","has-post-thumbnail","hentry"],"_links":{"self":[{"href":"https:\/\/www.waxoxato.cyon.site\/de\/wp-json\/wp\/v2\/pages\/15","targetHints":{"allow":["GET"]}}],"collection":[{"href":"https:\/\/www.waxoxato.cyon.site\/de\/wp-json\/wp\/v2\/pages"}],"about":[{"href":"https:\/\/www.waxoxato.cyon.site\/de\/wp-json\/wp\/v2\/types\/page"}],"author":[{"embeddable":true,"href":"https:\/\/www.waxoxato.cyon.site\/de\/wp-json\/wp\/v2\/users\/1"}],"replies":[{"embeddable":true,"href":"https:\/\/www.waxoxato.cyon.site\/de\/wp-json\/wp\/v2\/comments?post=15"}],"version-history":[{"count":2,"href":"https:\/\/www.waxoxato.cyon.site\/de\/wp-json\/wp\/v2\/pages\/15\/revisions"}],"predecessor-version":[{"id":102,"href":"https:\/\/www.waxoxato.cyon.site\/de\/wp-json\/wp\/v2\/pages\/15\/revisions\/102"}],"wp:featuredmedia":[{"embeddable":true,"href":"https:\/\/www.waxoxato.cyon.site\/de\/wp-json\/wp\/v2\/media\/101"}],"wp:attachment":[{"href":"https:\/\/www.waxoxato.cyon.site\/de\/wp-json\/wp\/v2\/media?parent=15"}],"curies":[{"name":"wp","href":"https:\/\/api.w.org\/{rel}","templated":true}]}}